{"id":586,"date":"2020-06-12T11:32:41","date_gmt":"2020-06-12T11:32:41","guid":{"rendered":"https:\/\/nordic-travel.com.ar\/es\/?post_type=product&#038;p=4483"},"modified":"2024-10-14T10:31:51","modified_gmt":"2024-10-14T13:31:51","slug":"visita-al-icebar-con-traslados","status":"publish","type":"product","link":"https:\/\/www.nordic-travel.com.ar\/es\/producto\/visita-al-icebar-con-traslados\/","title":{"rendered":"Visita al Icebar con traslados"},"content":{"rendered":"<p>[et_pb_section fb_built=\u00bb1&#8243; disabled_on=\u00bbon|on|off\u00bb admin_label=\u00bbSecci\u00f3n\u00bb _builder_version=\u00bb4.16&#8243; background_image=\u00bbhttps:\/\/nordic-travel.com.ar\/es\/wp-content\/uploads\/2020\/06\/icebarprincipal.jpg\u00bb background_position=\u00bbtop_center\u00bb custom_padding=\u00bb223px||0px|||\u00bb collapsed=\u00bbon\u00bb global_colors_info=\u00bb{}\u00bb][et_pb_row admin_label=\u00bbFila\u00bb _builder_version=\u00bb4.16&#8243; min_height=\u00bb159px\u00bb custom_margin=\u00bb-137px|auto||auto||\u00bb custom_padding=\u00bb66px||129px|||\u00bb collapsed=\u00bboff\u00bb global_colors_info=\u00bb{}\u00bb][et_pb_column type=\u00bb4_4&#8243; _builder_version=\u00bb4.16&#8243; global_colors_info=\u00bb{}\u00bb][et_pb_button button_url=\u00bbhttps:\/\/nordic-travel.com.ar\/es\/desde-iguazu\/\u00bb button_text=\u00bbDestino Iguazu\u00bb admin_label=\u00bbBot\u00f3n\u00bb _builder_version=\u00bb4.16&#8243; custom_button=\u00bbon\u00bb button_text_size=\u00bb18px\u00bb button_border_width=\u00bb0px\u00bb button_font=\u00bbMontserrat|600|||||||\u00bb button_icon=\u00bb&#x48;||divi||400&#8243; button_icon_color=\u00bb#ffffff\u00bb button_icon_placement=\u00bbleft\u00bb button_on_hover=\u00bboff\u00bb custom_margin=\u00bb0px|||21px|false|false\u00bb button_text_color_last_edited=\u00bboff|tablet\u00bb button_bg_color_last_edited=\u00bboff|desktop\u00bb global_colors_info=\u00bb{}\u00bb][\/et_pb_button][et_pb_wc_title disabled_on=\u00bboff|off|off\u00bb _builder_version=\u00bb4.16&#8243; header_font=\u00bb|700|||||||\u00bb header_text_color=\u00bb#ffffff\u00bb header_font_size=\u00bb64px\u00bb header_text_shadow_style=\u00bbpreset1&#8243; global_colors_info=\u00bb{}\u00bb][\/et_pb_wc_title][\/et_pb_column][\/et_pb_row][et_pb_row column_structure=\u00bb1_2,1_2&#8243; custom_padding_last_edited=\u00bboff|phone\u00bb disabled_on=\u00bboff|off|off\u00bb _builder_version=\u00bb4.16&#8243; max_width=\u00bb1400px\u00bb custom_margin=\u00bb|auto|-6px|auto||\u00bb custom_margin_tablet=\u00bb\u00bb custom_margin_phone=\u00bb\u00bb custom_margin_last_edited=\u00bbon|desktop\u00bb custom_padding=\u00bb||0px||false|false\u00bb custom_padding_phone=\u00bb0px|0px|0px||false|false\u00bb collapsed=\u00bbon\u00bb global_colors_info=\u00bb{}\u00bb][et_pb_column type=\u00bb1_2&#8243; _builder_version=\u00bb4.16&#8243; background_image=\u00bbhttps:\/\/nordic-travel.com.ar\/es\/wp-content\/uploads\/2020\/02\/color_nordic.png\u00bb background_size=\u00bbcontain\u00bb background_position=\u00bbbottom_center\u00bb transform_scale=\u00bb130%|130%\u00bb transform_scale_tablet=\u00bb\u00bb transform_scale_phone=\u00bb\u00bb transform_scale_last_edited=\u00bbon|phone\u00bb transform_scale_linked_phone=\u00bboff\u00bb transform_translate_tablet=\u00bb4px|25px\u00bb transform_translate_phone=\u00bb4px|27px\u00bb transform_translate_last_edited=\u00bbon|desktop\u00bb transform_rotate_tablet=\u00bb\u00bb transform_rotate_phone=\u00bb\u00bb transform_rotate_last_edited=\u00bbon|phone\u00bb transform_skew_tablet=\u00bb\u00bb transform_skew_phone=\u00bb\u00bb transform_skew_last_edited=\u00bbon|phone\u00bb transform_origin_tablet=\u00bb\u00bb transform_origin_phone=\u00bb\u00bb transform_origin_last_edited=\u00bbon|phone\u00bb transform_styles_last_edited=\u00bbon|desktop\u00bb custom_padding_tablet=\u00bb\u00bb custom_padding_phone=\u00bb|0px|0px|6px|false|false\u00bb custom_padding_last_edited=\u00bbon|desktop\u00bb background_last_edited=\u00bbon|phone\u00bb parallax_phone=\u00bboff\u00bb background_size_phone=\u00bbcover\u00bb background_position_phone=\u00bbcenter\u00bb background_repeat_phone=\u00bbno-repeat\u00bb background_blend_phone=\u00bbnormal\u00bb transform_styles_tablet=\u00bb\u00bb transform_styles_phone=\u00bb\u00bb border_width_all=\u00bb0px\u00bb border_style_all=\u00bbsolid\u00bb global_colors_info=\u00bb{}\u00bb][et_pb_wc_rating layout=\u00bbstacked\u00bb _builder_version=\u00bb4.16&#8243; rating_text_color=\u00bb#ffffff\u00bb rating_font_size=\u00bb14px\u00bb body_text_color=\u00bb#ffffff\u00bb body_font_size=\u00bb12px\u00bb body_line_height=\u00bb1em\u00bb text_orientation=\u00bbcenter\u00bb min_height=\u00bb19px\u00bb custom_margin=\u00bb1em|0em|1.618em|0em|false|false\u00bb custom_padding=\u00bb2px||0px|||\u00bb global_colors_info=\u00bb{}\u00bb][\/et_pb_wc_rating][\/et_pb_column][et_pb_column type=\u00bb1_2&#8243; _builder_version=\u00bb4.16&#8243; global_colors_info=\u00bb{}\u00bb][et_pb_text disabled_on=\u00bboff|off|off\u00bb _builder_version=\u00bb4.16&#8243; text_font=\u00bbRoboto||||||||\u00bb header_font=\u00bbRoboto||||||||\u00bb header_3_font=\u00bbRoboto Condensed||||||||\u00bb header_3_text_color=\u00bb#ffffff\u00bb header_4_font_size=\u00bb26px\u00bb custom_margin=\u00bb41px||20px|-6px|false|false\u00bb custom_margin_tablet=\u00bb-211px||22px|-6px|false|false\u00bb custom_margin_phone=\u00bb\u00bb custom_margin_last_edited=\u00bbon|phone\u00bb custom_padding=\u00bb6px||0px|119px|false|false\u00bb link_option_url=\u00bb#idioma\u00bb global_colors_info=\u00bb{}\u00bb]<\/p>\n<h3 style=\"text-align: right\"><a><img decoding=\"async\" src=\"https:\/\/nordic-travel.com.ar\/es\/wp-content\/uploads\/2020\/06\/ico_con.png\" width=\"23\" height=\"23\" alt=\"\" class=\"wp-image-3765 alignnone size-full\" \/>\u00a0<\/a>Espa\u00f1ol e Ingl\u00e9s<\/h3>\n<p>[\/et_pb_text][\/et_pb_column][\/et_pb_row][\/et_pb_section][et_pb_section fb_built=\u00bb1&#8243; disabled_on=\u00bboff|off|on\u00bb _builder_version=\u00bb4.16&#8243; custom_padding=\u00bb0px||0px||false|false\u00bb collapsed=\u00bbon\u00bb global_colors_info=\u00bb{}\u00bb][et_pb_row make_equal=\u00bbon\u00bb _builder_version=\u00bb4.16&#8243; background_image=\u00bbhttps:\/\/nordic-travel.com.ar\/es\/wp-content\/uploads\/2020\/06\/icebarprincipal.jpg\u00bb width=\u00bb100%\u00bb custom_padding=\u00bb||27px|||\u00bb global_colors_info=\u00bb{}\u00bb][et_pb_column type=\u00bb4_4&#8243; _builder_version=\u00bb4.16&#8243; global_colors_info=\u00bb{}\u00bb][et_pb_button button_url=\u00bbhttps:\/\/nordic-travel.com.ar\/es\/desde-iguazu\/\u00bb button_text=\u00bbDestino Iguazu\u00bb _builder_version=\u00bb4.16&#8243; custom_button=\u00bbon\u00bb button_text_size=\u00bb18px\u00bb button_border_width=\u00bb0px\u00bb button_font=\u00bbMontserrat|600|||||||\u00bb button_icon=\u00bb&#x48;||divi||400&#8243; button_icon_color=\u00bb#ffffff\u00bb button_icon_placement=\u00bbleft\u00bb button_on_hover=\u00bboff\u00bb custom_margin=\u00bb95px|||21px|false|false\u00bb button_text_color_last_edited=\u00bboff|tablet\u00bb button_bg_color_last_edited=\u00bboff|desktop\u00bb global_colors_info=\u00bb{}\u00bb][\/et_pb_button][\/et_pb_column][\/et_pb_row][\/et_pb_section][et_pb_section fb_built=\u00bb1&#8243; disabled_on=\u00bbon|on|off\u00bb _builder_version=\u00bb4.16&#8243; custom_padding=\u00bb1px||2px|||\u00bb collapsed=\u00bbon\u00bb global_colors_info=\u00bb{}\u00bb][et_pb_row column_structure=\u00bb2_3,1_3&#8243; _builder_version=\u00bb4.16&#8243; custom_padding=\u00bb||11px|||\u00bb global_colors_info=\u00bb{}\u00bb][et_pb_column type=\u00bb2_3&#8243; _builder_version=\u00bb4.16&#8243; global_colors_info=\u00bb{}\u00bb][et_pb_menu menu_id=\u00bb37&#8243; disabled_on=\u00bboff|off|off\u00bb _builder_version=\u00bb4.19.1&#8243; menu_font=\u00bbRoboto Condensed||||||||\u00bb menu_text_color=\u00bb#000000&#8243; menu_font_size=\u00bb18px\u00bb custom_padding=\u00bb7px||0px|||\u00bb hover_enabled=\u00bb0&#8243; global_colors_info=\u00bb{}\u00bb sticky_enabled=\u00bb0&#8243;][\/et_pb_menu][\/et_pb_column][et_pb_column type=\u00bb1_3&#8243; _builder_version=\u00bb4.16&#8243; global_colors_info=\u00bb{}\u00bb][et_pb_button button_url=\u00bb#calendario\u00bb button_text=\u00bbVer disponibilidad\u00bb button_alignment=\u00bbcenter\u00bb _builder_version=\u00bb4.16&#8243; custom_button=\u00bbon\u00bb button_text_size=\u00bb16px\u00bb button_text_color=\u00bb#ffffff\u00bb button_bg_color=\u00bb#FA9C2C\u00bb button_border_width=\u00bb0px\u00bb button_border_radius=\u00bb23px\u00bb button_letter_spacing=\u00bb0px\u00bb button_font=\u00bb|300|||||||\u00bb button_use_icon=\u00bboff\u00bb custom_margin=\u00bb-10px||-4px||false|false\u00bb custom_padding=\u00bb9px||9px||true|false\u00bb button_border_radius_tablet=\u00bb\u00bb button_border_radius_phone=\u00bb\u00bb button_border_radius_last_edited=\u00bbon|desktop\u00bb global_colors_info=\u00bb{}\u00bb button_border_radius__hover_enabled=\u00bbon|desktop\u00bb button_border_radius__hover=\u00bb23px\u00bb][\/et_pb_button][\/et_pb_column][\/et_pb_row][\/et_pb_section][et_pb_section fb_built=\u00bb1&#8243; _builder_version=\u00bb4.16&#8243; custom_padding=\u00bb2px||0px|||\u00bb collapsed=\u00bbon\u00bb global_colors_info=\u00bb{}\u00bb][et_pb_row _builder_version=\u00bb4.16&#8243; width=\u00bb90%\u00bb custom_padding=\u00bb0px||3px|||\u00bb global_colors_info=\u00bb{}\u00bb][et_pb_column type=\u00bb4_4&#8243; _builder_version=\u00bb4.16&#8243; global_colors_info=\u00bb{}\u00bb][et_pb_wc_cart_notice _builder_version=\u00bb4.16&#8243; _dynamic_attributes=\u00bblink_option_url\u00bb background_color=\u00bb#EF7700&#8243; custom_button=\u00bbon\u00bb button_text_size=\u00bb20px\u00bb button_text_color=\u00bb#000000&#8243; button_bg_color=\u00bb#ffffff\u00bb global_colors_info=\u00bb{}\u00bb][\/et_pb_wc_cart_notice][\/et_pb_column][\/et_pb_row][\/et_pb_section][et_pb_section fb_built=\u00bb1&#8243; disabled_on=\u00bboff|off|on\u00bb _builder_version=\u00bb4.16&#8243; custom_padding=\u00bb3px||3px|||\u00bb collapsed=\u00bbon\u00bb global_colors_info=\u00bb{}\u00bb][et_pb_row _builder_version=\u00bb4.16&#8243; custom_padding=\u00bb4px||0px|||\u00bb global_colors_info=\u00bb{}\u00bb][et_pb_column type=\u00bb4_4&#8243; _builder_version=\u00bb4.16&#8243; global_colors_info=\u00bb{}\u00bb][et_pb_wc_title disabled_on=\u00bboff|off|off\u00bb _builder_version=\u00bb4.16&#8243; header_font=\u00bbRoboto Condensed||||||||\u00bb header_font_size=\u00bb24px\u00bb custom_margin=\u00bb||3px|||\u00bb header_text_color_tablet=\u00bb\u00bb header_text_color_phone=\u00bb\u00bb header_text_color_last_edited=\u00bbon|phone\u00bb global_colors_info=\u00bb{}\u00bb][\/et_pb_wc_title][et_pb_wc_rating show_rating=\u00bboff\u00bb layout=\u00bbstacked\u00bb _builder_version=\u00bb4.16&#8243; global_colors_info=\u00bb{}\u00bb][\/et_pb_wc_rating][et_pb_sidebar area=\u00bbet_pb_widget_area_3&#8243; show_border=\u00bboff\u00bb disabled_on=\u00bboff|off|off\u00bb _builder_version=\u00bb4.16&#8243; body_font_size=\u00bb18px\u00bb body_line_height=\u00bb2.1em\u00bb background_enable_color=\u00bboff\u00bb background_image=\u00bbhttps:\/\/nordic-travel.com.ar\/es\/wp-content\/uploads\/2020\/06\/menu_mobil.png\u00bb background_size=\u00bbinitial\u00bb background_position=\u00bbtop_left\u00bb text_orientation=\u00bbleft\u00bb custom_margin=\u00bb||||false|false\u00bb custom_padding=\u00bb||0px|51px|false|false\u00bb animation_style=\u00bbbounce\u00bb border_width_all=\u00bb6px\u00bb border_color_all=\u00bb#000000&#8243; border_width_top=\u00bb0px\u00bb border_style_top=\u00bbridge\u00bb border_width_bottom=\u00bb1px\u00bb global_colors_info=\u00bb{}\u00bb][\/et_pb_sidebar][\/et_pb_column][\/et_pb_row][\/et_pb_section][et_pb_section fb_built=\u00bb1&#8243; disabled_on=\u00bboff|off|on\u00bb module_id=\u00bbsticky\u00bb _builder_version=\u00bb4.19.1&#8243; background_color=\u00bb#4C5866&#8243; custom_padding=\u00bb0px||0px|||\u00bb hover_enabled=\u00bb0&#8243; collapsed=\u00bbon\u00bb global_colors_info=\u00bb{}\u00bb sticky_position=\u00bbtop\u00bb sticky_enabled=\u00bb0&#8243;][et_pb_row _builder_version=\u00bb4.16&#8243; custom_padding=\u00bb17px||22px|||\u00bb global_colors_info=\u00bb{}\u00bb][et_pb_column type=\u00bb4_4&#8243; _builder_version=\u00bb4.16&#8243; global_colors_info=\u00bb{}\u00bb][et_pb_wc_price _builder_version=\u00bb4.16&#8243; body_text_color=\u00bb#ffffff\u00bb global_colors_info=\u00bb{}\u00bb][\/et_pb_wc_price][et_pb_image src=\u00bbhttps:\/\/nordic-travel.com.ar\/es\/wp-content\/uploads\/2020\/03\/reservas.png\u00bb title_text=\u00bbreservas\u00bb url=\u00bb#calendario\u00bb align=\u00bbright\u00bb _builder_version=\u00bb4.16&#8243; custom_margin=\u00bb-65px||-12px|||\u00bb global_colors_info=\u00bb{}\u00bb][\/et_pb_image][\/et_pb_column][\/et_pb_row][\/et_pb_section][et_pb_section fb_built=\u00bb1&#8243; _builder_version=\u00bb4.16&#8243; background_color=\u00bb#F5F4F5&#8243; custom_margin=\u00bb2px|||||\u00bb custom_padding=\u00bb0px||21px||false|false\u00bb background_color_phone=\u00bb#ffffff\u00bb background_last_edited=\u00bbon|phone\u00bb background_enable_color_phone=\u00bbon\u00bb collapsed=\u00bbon\u00bb global_colors_info=\u00bb{}\u00bb][et_pb_row column_structure=\u00bb2_3,1_3&#8243; use_custom_gutter=\u00bbon\u00bb make_equal=\u00bbon\u00bb _builder_version=\u00bb4.16&#8243; width=\u00bb100%\u00bb custom_margin=\u00bb9px|auto||auto|false|false\u00bb custom_padding=\u00bb0px||7px|||\u00bb global_colors_info=\u00bb{}\u00bb][et_pb_column type=\u00bb2_3&#8243; _builder_version=\u00bb4.16&#8243; global_colors_info=\u00bb{}\u00bb][et_pb_wc_gallery disabled_on=\u00bboff|off|off\u00bb _builder_version=\u00bb4.19.1&#8243; background_enable_color=\u00bboff\u00bb custom_margin=\u00bb||4px||false|false\u00bb custom_margin_tablet=\u00bb|11px||10px|false|false\u00bb custom_margin_phone=\u00bb|12px||12px|false|true\u00bb custom_margin_last_edited=\u00bbon|phone\u00bb custom_padding=\u00bb19px||19px||false|false\u00bb custom_padding_tablet=\u00bb\u00bb custom_padding_phone=\u00bb||||false|false\u00bb custom_padding_last_edited=\u00bbon|desktop\u00bb child_filter_saturate=\u00bb114%\u00bb hover_enabled=\u00bb0&#8243; global_colors_info=\u00bb{}\u00bb auto=\u00bbon\u00bb sticky_enabled=\u00bb0&#8243;][\/et_pb_wc_gallery][et_pb_wc_description description_type=\u00bbdescription\u00bb _builder_version=\u00bb4.16&#8243; custom_margin=\u00bb|15px||15px|false|true\u00bb global_colors_info=\u00bb{}\u00bb][\/et_pb_wc_description][\/et_pb_column][et_pb_column type=\u00bb1_3&#8243; _builder_version=\u00bb4.16&#8243; global_colors_info=\u00bb{}\u00bb][et_pb_wc_price disabled_on=\u00bbon|on|off\u00bb _builder_version=\u00bb4.16&#8243; body_font=\u00bbRoboto Condensed|600|||||||\u00bb body_text_color=\u00bb#EF7700&#8243; text_orientation=\u00bbright\u00bb custom_margin=\u00bb37px|||||\u00bb global_colors_info=\u00bb{}\u00bb][\/et_pb_wc_price][et_pb_text disabled_on=\u00bbon|on|off\u00bb _builder_version=\u00bb4.16&#8243; text_text_color=\u00bb#76a31b\u00bb text_line_height=\u00bb1em\u00bb min_height=\u00bb60px\u00bb custom_margin=\u00bb-9px||-9px|||\u00bb custom_padding=\u00bb9px|5px|7px|0px||\u00bb global_colors_info=\u00bb{}\u00bb]<\/p>\n<p style=\"text-align: right\"><span style=\"color: #333333\">Sin sobreprecios ni costos ocultos<\/span><\/p>\n<p style=\"text-align: right\">[\/et_pb_text][et_pb_divider color=\u00bbrgba(249,249,249,0)\u00bb module_id=\u00bbstop\u00bb _builder_version=\u00bb4.16&#8243; custom_margin=\u00bb||2px|||\u00bb custom_padding=\u00bb||0px|||\u00bb global_colors_info=\u00bb{}\u00bb][\/et_pb_divider][et_pb_wc_add_to_cart disabled_on=\u00bboff|off|off\u00bb module_id=\u00bbcalendario\u00bb _builder_version=\u00bb4.16&#8243; field_label_font=\u00bb|600|||||||\u00bb field_label_font_size=\u00bb13.9px\u00bb background_color=\u00bb#ffffff\u00bb custom_button=\u00bbon\u00bb button_text_color=\u00bb#ffffff\u00bb button_bg_color=\u00bb#EF7700&#8243; button_border_radius=\u00bb20px\u00bb button_letter_spacing=\u00bb0px\u00bb button_custom_margin=\u00bb||||false|false\u00bb button_custom_padding=\u00bb|76px||76px|false|true\u00bb button_custom_padding_tablet=\u00bb\u00bb button_custom_padding_phone=\u00bb\u00bb button_custom_padding_last_edited=\u00bbon|desktop\u00bb custom_margin=\u00bb||||true|false\u00bb custom_padding=\u00bb10px|10px|10px|10px|true|true\u00bb field_label_font_size_tablet=\u00bb13.9px\u00bb field_label_font_size_phone=\u00bb16px\u00bb field_label_font_size_last_edited=\u00bbon|phone\u00bb box_shadow_style=\u00bbpreset1&#8243; box_shadow_blur=\u00bb17px\u00bb box_shadow_color=\u00bbrgba(0,0,0,0.08)\u00bb body_font=\u00bb|600|||||||\u00bb body_font_size=\u00bb13.9px\u00bb body_font_size_last_edited=\u00bbon|phone\u00bb body_font_size_tablet=\u00bb\u00bb body_font_size_phone=\u00bb16px\u00bb global_colors_info=\u00bb{}\u00bb custom_css_fields_last_edited=\u00bbon|desktop\u00bb][\/et_pb_wc_add_to_cart][\/et_pb_column][\/et_pb_row][et_pb_row module_id=\u00bbopiniones\u00bb _builder_version=\u00bb4.16&#8243; custom_padding=\u00bb64px|||||\u00bb global_colors_info=\u00bb{}\u00bb][et_pb_column type=\u00bb4_4&#8243; _builder_version=\u00bb4.16&#8243; global_colors_info=\u00bb{}\u00bb][et_pb_text _builder_version=\u00bb4.16&#8243; global_colors_info=\u00bb{}\u00bb]<\/p>\n<h2 style=\"text-align: center\">Opiniones de nuestros clientes<\/h2>\n<p style=\"text-align: center\">Todas las opiniones han sido escritas por clientes reales que han reservado con nosotros.<\/p>\n<p>[\/et_pb_text][et_pb_wc_reviews show_avatar=\u00bboff\u00bb show_count=\u00bboff\u00bb _builder_version=\u00bb4.16&#8243; rating_text_color=\u00bb#EF7700&#8243; custom_button=\u00bbon\u00bb button_text_color=\u00bb#ffffff\u00bb button_bg_color=\u00bb#EF7700&#8243; button_border_radius=\u00bb15px\u00bb custom_margin=\u00bb||18px||false|false\u00bb global_colors_info=\u00bb{}\u00bb][\/et_pb_wc_reviews][et_pb_text _builder_version=\u00bb4.16&#8243; text_text_color=\u00bb#8f8f8f\u00bb header_2_font=\u00bb|300|||||||\u00bb header_2_text_color=\u00bb#6b6b6b\u00bb header_2_font_size=\u00bb37px\u00bb custom_margin=\u00bb13px||-22px|||\u00bb custom_padding=\u00bb||0px|||\u00bb header_2_text_color_tablet=\u00bb\u00bb header_2_text_color_phone=\u00bb\u00bb header_2_text_color_last_edited=\u00bbon|desktop\u00bb header_2_font_size_tablet=\u00bb\u00bb header_2_font_size_phone=\u00bb26px\u00bb header_2_font_size_last_edited=\u00bbon|tablet\u00bb global_colors_info=\u00bb{}\u00bb]<\/p>\n<h2 style=\"text-align: center\">Tambi\u00e9n te puede interesar<\/h2>\n<p>[\/et_pb_text][\/et_pb_column][\/et_pb_row][et_pb_row use_custom_gutter=\u00bbon\u00bb make_equal=\u00bbon\u00bb disabled_on=\u00bbon|off|off\u00bb _builder_version=\u00bb4.16&#8243; width=\u00bb95%\u00bb custom_padding=\u00bb0px||0px||false|false\u00bb global_colors_info=\u00bb{}\u00bb][et_pb_column type=\u00bb4_4&#8243; _builder_version=\u00bb4.16&#8243; global_colors_info=\u00bb{}\u00bb][et_pb_wc_related_products posts_number=\u00bb3&#8243; columns_number=\u00bb3&#8243; _builder_version=\u00bb4.16&#8243; title_text_color=\u00bb#F5F5F5&#8243; title_font_size=\u00bb1px\u00bb rating_text_align=\u00bbcenter\u00bb rating_text_color=\u00bb#EF7700&#8243; product_title_text_align=\u00bbcenter\u00bb product_title_text_color=\u00bb#000000&#8243; product_title_font_size=\u00bb22px\u00bb price_font=\u00bb||||||||\u00bb price_text_align=\u00bbcenter\u00bb price_text_color=\u00bb#EF7700&#8243; custom_margin=\u00bb-22px||||false|false\u00bb custom_padding=\u00bb||||false|false\u00bb custom_css_product=\u00bbpadding-left: 10px;||padding-right: 10px;||padding-bottom: 8px;||padding-top: 10px;||line-height: 130%;||\u00bb custom_css_price=\u00bbline-height:250%;\u00bb box_shadow_style=\u00bbpreset1&#8243; box_shadow_vertical=\u00bb8px\u00bb box_shadow_blur=\u00bb17px\u00bb global_colors_info=\u00bb{}\u00bb][\/et_pb_wc_related_products][\/et_pb_column][\/et_pb_row][et_pb_row use_custom_gutter=\u00bbon\u00bb make_equal=\u00bbon\u00bb disabled_on=\u00bboff|on|on\u00bb _builder_version=\u00bb4.16&#8243; width=\u00bb95%\u00bb custom_padding=\u00bb0px||0px||false|false\u00bb global_colors_info=\u00bb{}\u00bb][et_pb_column type=\u00bb4_4&#8243; _builder_version=\u00bb4.16&#8243; global_colors_info=\u00bb{}\u00bb][et_pb_wc_related_products posts_number=\u00bb2&#8243; columns_number=\u00bb2&#8243; _builder_version=\u00bb4.16&#8243; title_text_color=\u00bb#F5F5F5&#8243; title_font_size=\u00bb1px\u00bb rating_text_align=\u00bbcenter\u00bb rating_text_color=\u00bb#EF7700&#8243; product_title_text_align=\u00bbcenter\u00bb product_title_text_color=\u00bb#000000&#8243; product_title_font_size=\u00bb22px\u00bb price_font=\u00bb|700|||||||\u00bb price_text_align=\u00bbcenter\u00bb price_text_color=\u00bb#EF7700&#8243; custom_margin=\u00bb-25px||||false|false\u00bb custom_padding=\u00bb0px||||false|false\u00bb custom_css_product=\u00bbpadding-left: 10px;||padding-right: 10px;||padding-bottom: 8px;||padding-top: 10px;||line-height: 130%;||\u00bb custom_css_price=\u00bbline-height:250%;\u00bb box_shadow_style=\u00bbpreset1&#8243; box_shadow_vertical=\u00bb8px\u00bb box_shadow_blur=\u00bb17px\u00bb global_colors_info=\u00bb{}\u00bb][\/et_pb_wc_related_products][\/et_pb_column][\/et_pb_row][\/et_pb_section]<\/p>\n","protected":false},"excerpt":{"rendered":"<p><strong>El m\u00ednimo para este tour es de 2 pasajeros.<\/strong><br \/>\n\u00bfTe imagin\u00e1s un bar de hielo en el coraz\u00f3n de la selva subtropical? Eso es ICEBAR en IGUAZ\u00da. All\u00ed adentro todo, absolutamente TODO est\u00e1 construido en hielo: las paredes, el suelo, los muebles, la barra, hasta los vasos donde sirven los tragos.<\/p>\n","protected":false},"featured_media":58,"comment_status":"open","ping_status":"closed","template":"","meta":{"_et_pb_use_builder":"on","_et_pb_old_content":"<strong>El m\u00ednimo para este tour es de 2 pasajeros.<\/strong>\r\n\r\n\u00bfTe imagin\u00e1s un bar de hielo en el coraz\u00f3n de la selva subtropical? Eso es ICEBAR en IGUAZ\u00da. All\u00ed adentro todo, absolutamente TODO est\u00e1 construido en hielo: las paredes, el suelo, los muebles, la barra, hasta los vasos donde sirven los tragos.\r\n\r\n<section id=\"idioma\"><\/section><img src=\"https:\/\/www.nordic-travel.com.ar\/ok\/01.png\" width=\"16\" height=\"16\" \/> Duraci\u00f3n dentro del Bar: 30 minutos\r\n<img src=\"https:\/\/www.nordic-travel.com.ar\/ok\/02.png\" width=\"16\" height=\"16\" \/> Traslados ida y vuelta: Desde hoteles centricos o punto de encuentro.\r\n<img src=\"https:\/\/www.nordic-travel.com.ar\/ok\/03.png\" width=\"16\" height=\"16\" \/> Recorrido total: 3km apx.\r\n\r\n<img src=\"https:\/\/www.nordic-travel.com.ar\/ok\/05.png\" width=\"16\" height=\"16\" \/> Pasajeros a partir de todas las edades\r\n\r\n<section id=\"descripcion\"><\/section><img src=\"https:\/\/www.nordic-travel.com.ar\/ok\/b.png\" width=\"36\" height=\"36\" \/>\r\n<h2>Descripci\u00f3n<\/h2>\r\nMuy cerca de las Cataratas del Iguaz\u00fa, IceBar sorprende al contrastar con las altas temperaturas y la vegetaci\u00f3n de la zona: adentro del bar el term\u00f3metro marca -10\u00ba.\r\nCon amigos o con familia IceBar es un lugar en donde todos pueden disfrutar: ni\u00f1os, j\u00f3venes y adultos viven una experiencia original y divertida.\r\n\r\n<strong>\u00bfC\u00f3mo funciona este bar de hielo?<\/strong>\r\nComo el clima misionero es subtropical es importante aclimatarse a las bajas temperaturas del Icebar. En el primer sal\u00f3n que se ingresa se proveen de camperas y guantes t\u00e9rmicos, all\u00ed la temperatura es de 20 \u00ba.\r\nUna vez vestido con la indumentaria adecuada, se pasa al segundo recinto, en donde la permanencia es de unos minutos a 5\u00ba para acondicionar el cuerpo con las bajas temperaturas antes de ingresar al IceBar donde los -10\u00ba congelan la nariz!\r\nAdem\u00e1s de la buena onda y las esculturas de hielo creadas por artistas reconocidos internacionalmente, se disfruta por 30 minutos de buena m\u00fasica que mantiene en movimiento a los visitantes para gozar del fr\u00edo y de todos los tragos y bebidas que se quieran consumir.\r\nSe preparan tragos, cocktails y para los m\u00e1s chicos bebidas sin alcohol.\r\nLuego de la visita al bar de hielo se sale por los salones de aclimataci\u00f3n hasta llegar a la temperatura ambiente en un bar junto a selva donde se puede continuar compartiendo un buen rato con amigos o familia.\r\n\r\n<section id=\"servicios\"><\/section><img src=\"https:\/\/www.nordic-travel.com.ar\/ok\/b.png\" width=\"36\" height=\"36\" \/>\r\n<h2>Servicios<\/h2>\r\n<strong>Incluye<\/strong>\r\n<img src=\"https:\/\/www.nordic-travel.com.ar\/ok\/09.png\" width=\"16\" height=\"16\" \/> Bebidas: barra libre dentro de bar de hielo. Todas las bebidas alcoh\u00f3licas y no alcoh\u00f3licas.\r\n<img src=\"https:\/\/www.nordic-travel.com.ar\/ok\/09.png\" width=\"16\" height=\"16\" \/> Equipamiento: guantes y camperas t\u00e9rmicas\r\n<img src=\"https:\/\/www.nordic-travel.com.ar\/ok\/09.png\" width=\"16\" height=\"16\" \/> Traslados hotel a Icebar y viceversa.\r\n\r\n<strong>No Incluye<\/strong>\r\n<img src=\"https:\/\/www.nordic-travel.com.ar\/ok\/08.png\" width=\"16\" height=\"16\" \/> Comidas\r\n<img src=\"https:\/\/www.nordic-travel.com.ar\/ok\/08.png\" width=\"16\" height=\"16\" \/> Gastos extras en la actividad.\r\n\r\n<section id=\"itinerario\"><\/section><img src=\"https:\/\/www.nordic-travel.com.ar\/ok\/b.png\" width=\"36\" height=\"36\" \/>\r\n<h2>Itinerario<\/h2>\r\n<img src=\"https:\/\/www.nordic-travel.com.ar\/ok\/ico_loc.png\" width=\"13\" height=\"22\" \/> Salida Puerto Iguazu\r\n<span style=\"color: #e34a3a\">\u00a0\u2502\u00a0 <\/span> Ice Bar\r\n<span style=\"color: #e34a3a\">\u00a0\u2502\u00a0 <\/span> Regreso al Hotel o Punto de encuentro\r\n\r\n<section id=\"tips\"><\/section><img src=\"https:\/\/www.nordic-travel.com.ar\/ok\/b.png\" width=\"36\" height=\"36\" \/>\r\n<h2>Tips<\/h2>\r\n<img src=\"https:\/\/www.nordic-travel.com.ar\/ok\/09.png\" width=\"16\" height=\"16\" \/>\u00a0 Temperatura: -10\u00b0","_et_gb_content_width":"","_joinchat":[]},"product_cat":[19],"product_tag":[],"_links":{"self":[{"href":"https:\/\/www.nordic-travel.com.ar\/es\/wp-json\/wp\/v2\/product\/586"}],"collection":[{"href":"https:\/\/www.nordic-travel.com.ar\/es\/wp-json\/wp\/v2\/product"}],"about":[{"href":"https:\/\/www.nordic-travel.com.ar\/es\/wp-json\/wp\/v2\/types\/product"}],"replies":[{"embeddable":true,"href":"https:\/\/www.nordic-travel.com.ar\/es\/wp-json\/wp\/v2\/comments?post=586"}],"wp:featuredmedia":[{"embeddable":true,"href":"https:\/\/www.nordic-travel.com.ar\/es\/wp-json\/wp\/v2\/media\/58"}],"wp:attachment":[{"href":"https:\/\/www.nordic-travel.com.ar\/es\/wp-json\/wp\/v2\/media?parent=586"}],"wp:term":[{"taxonomy":"product_cat","embeddable":true,"href":"https:\/\/www.nordic-travel.com.ar\/es\/wp-json\/wp\/v2\/product_cat?post=586"},{"taxonomy":"product_tag","embeddable":true,"href":"https:\/\/www.nordic-travel.com.ar\/es\/wp-json\/wp\/v2\/product_tag?post=586"}],"curies":[{"name":"wp","href":"https:\/\/api.w.org\/{rel}","templated":true}]}}