{"id":32,"date":"2019-12-27T07:12:51","date_gmt":"2019-12-27T07:12:51","guid":{"rendered":"https:\/\/nordic-travel.com.ar\/es\/carrito\/"},"modified":"2023-12-08T09:03:12","modified_gmt":"2023-12-08T12:03:12","slug":"carrito","status":"publish","type":"page","link":"https:\/\/www.nordic-travel.com.ar\/es\/carrito\/","title":{"rendered":"Carrito"},"content":{"rendered":"[et_pb_section fb_built=\u00bb1&#8243; disabled_on=\u00bboff|off|off\u00bb _builder_version=\u00bb4.16&#8243; background_color=\u00bb#ffffff\u00bb custom_padding=\u00bb20px||1px|||\u00bb global_colors_info=\u00bb{}\u00bb][et_pb_row column_structure=\u00bb1_3,1_3,1_3&#8243; use_custom_gutter=\u00bbon\u00bb gutter_width=\u00bb1&#8243; disabled_on=\u00bbon|on|off\u00bb _builder_version=\u00bb4.16&#8243; custom_margin=\u00bb|auto|-14px|auto||\u00bb custom_padding=\u00bb1px|||||\u00bb global_colors_info=\u00bb{}\u00bb][et_pb_column type=\u00bb1_3&#8243; _builder_version=\u00bb4.16&#8243; global_colors_info=\u00bb{}\u00bb][et_pb_blurb title=\u00bbRevisa tu pedido\u00bb image=\u00bbhttps:\/\/www.nordic-travel.com.ar\/es\/wp-content\/uploads\/2020\/01\/01.png\u00bb icon_placement=\u00bbleft\u00bb _builder_version=\u00bb4.16&#8243; header_font=\u00bb||||||||\u00bb header_text_color=\u00bb#000000&#8243; header_font_size=\u00bb21px\u00bb header_line_height=\u00bb1.5em\u00bb global_colors_info=\u00bb{}\u00bb][\/et_pb_blurb][\/et_pb_column][et_pb_column type=\u00bb1_3&#8243; _builder_version=\u00bb4.16&#8243; global_colors_info=\u00bb{}\u00bb][et_pb_blurb title=\u00bbDatos personales\u00bb image=\u00bbhttps:\/\/www.nordic-travel.com.ar\/es\/wp-content\/uploads\/2020\/01\/020.png\u00bb icon_placement=\u00bbleft\u00bb _builder_version=\u00bb4.16&#8243; header_font=\u00bb|300|||||||\u00bb header_text_color=\u00bb#000000&#8243; header_font_size=\u00bb21px\u00bb header_line_height=\u00bb1.5em\u00bb custom_margin=\u00bb||-1px|||\u00bb global_colors_info=\u00bb{}\u00bb][\/et_pb_blurb][\/et_pb_column][et_pb_column type=\u00bb1_3&#8243; _builder_version=\u00bb4.16&#8243; global_colors_info=\u00bb{}\u00bb][et_pb_blurb title=\u00bbM\u00e9todo de pago\u00bb image=\u00bbhttps:\/\/www.nordic-travel.com.ar\/es\/wp-content\/uploads\/2020\/01\/030.png\u00bb icon_placement=\u00bbleft\u00bb _builder_version=\u00bb4.16&#8243; header_font=\u00bb|300|||||||\u00bb header_text_color=\u00bb#000000&#8243; header_font_size=\u00bb21px\u00bb header_line_height=\u00bb1.5em\u00bb global_colors_info=\u00bb{}\u00bb][\/et_pb_blurb][\/et_pb_column][\/et_pb_row][et_pb_row disabled_on=\u00bboff|off|on\u00bb _builder_version=\u00bb4.16&#8243; custom_margin=\u00bb-10px|auto||auto||\u00bb custom_padding=\u00bb0px||0px|||\u00bb global_colors_info=\u00bb{}\u00bb][et_pb_column type=\u00bb4_4&#8243; _builder_version=\u00bb4.16&#8243; global_colors_info=\u00bb{}\u00bb][et_pb_text disabled_on=\u00bboff|off|off\u00bb _builder_version=\u00bb4.16&#8243; min_height=\u00bb66px\u00bb custom_margin=\u00bb3px||-11px|||\u00bb custom_margin_tablet=\u00bb\u00bb custom_margin_phone=\u00bb\u00bb custom_margin_last_edited=\u00bbon|desktop\u00bb global_colors_info=\u00bb{}\u00bb]<table style=\"border-color: #FFFFFF; background-color: #ffffff; border-top: 0px solid #FFFFFF;\" border=\"0\" cellspacing=\"0\" cellpadding=\"0\">\n\t<tr>\n\t\t<td><a href=\"https:\/\/nordic-travel.com.ar\/es\/carrito\/\"><img decoding=\"async\" alt=\"\" src=\"https:\/\/www.nordic-travel.com.ar\/es\/wp-content\/uploads\/2020\/01\/01.png\" width=\"35\" height=\"35\" \/>&nbsp;Pedido&nbsp;<\/a><\/td>\n\t\t<td><a href=\"https:\/\/nordic-travel.com.ar\/es\/finalizar-compra\/\"><img decoding=\"async\" alt=\"\" src=\"https:\/\/www.nordic-travel.com.ar\/es\/wp-content\/uploads\/2020\/01\/020.png\" width=\"35\" height=\"35\" \/>&nbsp;Datos&nbsp;<\/a><\/td>\n\t\t<td><a href=\"https:\/\/nordic-travel.com.ar\/es\/finalizar-compra\/\"><img decoding=\"async\" alt=\"\" src=\"https:\/\/www.nordic-travel.com.ar\/es\/wp-content\/uploads\/2020\/01\/030.png\" width=\"35\" height=\"35\" \/>&nbsp;Pago<\/a><\/td>\n\t<\/tr>\n<\/table>[\/et_pb_text][\/et_pb_column][\/et_pb_row][\/et_pb_section][et_pb_section fb_built=\u00bb1&#8243; admin_label=\u00bbsection\u00bb _builder_version=\u00bb4.16&#8243; background_color=\u00bb#F5F4F5&#8243; custom_margin=\u00bb5px|||||\u00bb custom_padding=\u00bb0px||13px|||\u00bb global_colors_info=\u00bb{}\u00bb][et_pb_row column_structure=\u00bb3_5,2_5&#8243; admin_label=\u00bbrow\u00bb _builder_version=\u00bb4.16&#8243; background_enable_color=\u00bboff\u00bb background_size=\u00bbinitial\u00bb background_position=\u00bbtop_left\u00bb background_repeat=\u00bbrepeat\u00bb custom_padding=\u00bb||6px|||\u00bb global_colors_info=\u00bb{}\u00bb][et_pb_column type=\u00bb3_5&#8243; _builder_version=\u00bb4.16&#8243; custom_padding=\u00bb|||\u00bb global_colors_info=\u00bb{}\u00bb custom_padding__hover=\u00bb|||\u00bb][et_pb_text admin_label=\u00bbText\u00bb _builder_version=\u00bb4.16&#8243; background_enable_color=\u00bboff\u00bb background_size=\u00bbinitial\u00bb background_position=\u00bbtop_left\u00bb background_repeat=\u00bbrepeat\u00bb custom_margin=\u00bb||0px|||\u00bb custom_padding=\u00bb0px|||||\u00bb global_colors_info=\u00bb{}\u00bb]\n[\/et_pb_text][et_pb_wc_stock _builder_version=\u00bb4.16&#8243; global_colors_info=\u00bb{}\u00bb][\/et_pb_wc_stock][\/et_pb_column][et_pb_column type=\u00bb2_5&#8243; _builder_version=\u00bb4.16&#8243; background_color=\u00bb#ffffff\u00bb custom_padding=\u00bb|||\u00bb box_shadow_style=\u00bbpreset1&#8243; box_shadow_blur=\u00bb8px\u00bb global_colors_info=\u00bb{}\u00bb custom_padding__hover=\u00bb|||\u00bb][et_pb_text _builder_version=\u00bb4.16&#8243; min_height=\u00bb35px\u00bb custom_margin=\u00bb6px||-3px|18px|false|false\u00bb custom_padding=\u00bb18px|||||\u00bb global_colors_info=\u00bb{}\u00bb]<h2 class=\"o-faqs__title\">Preguntas frecuentes<\/h2>[\/et_pb_text][et_pb_wc_upsells _builder_version=\u00bb4.16&#8243; global_colors_info=\u00bb{}\u00bb][\/et_pb_wc_upsells][et_pb_accordion icon_color=\u00bb#FA9C2C\u00bb use_icon_font_size=\u00bbon\u00bb icon_font_size=\u00bb25px\u00bb _builder_version=\u00bb4.19.1&#8243; background_enable_color=\u00bboff\u00bb custom_padding=\u00bb|4px||4px|false|true\u00bb global_colors_info=\u00bb{}\u00bb][et_pb_accordion_item title=\u00bb\u00bfEn qu\u00e9 moneda puedo pagar?\u00bb open=\u00bbon\u00bb _builder_version=\u00bb4.19.1&#8243; background_enable_color=\u00bboff\u00bb global_colors_info=\u00bb{}\u00bb]<p><span>Argentinos pueden pagar en Pesos Argentinos. <\/span><\/p>[\/et_pb_accordion_item][et_pb_accordion_item title=\u00bb\u00a1Cu\u00e1les son las formas de pagos?\u00bb _builder_version=\u00bb4.19.1&#8243; background_enable_color=\u00bboff\u00bb global_colors_info=\u00bb{}\u00bb open=\u00bboff\u00bb]<p><span>Te ofrecemos distintos m<\/span><span>edios de pago.<\/span><br \/><span> Pod\u00e9s pagar Tarjetas de Cr\u00e9dito, con Tarjeta de D\u00e9bito, Transferencia Bancaria, Dep\u00f3sito Bancario, <\/span><span>\u00a0si lo prefer\u00eds, pod\u00e9s pagar directamente en nuestra agencia al llegar.<\/span><br \/><span> Pod\u00e9s verificar las alternativas disponibles para cada caso en la secci\u00f3n \u201cForma de pago\u201d que se encuentra en el \u00faltimo paso de tu compra. Record\u00e1 que las opciones que aparecen ah\u00ed son las \u00fanicas v\u00e1lidas para completar la compra.<\/span><br \/><span> <\/span><\/p>[\/et_pb_accordion_item][\/et_pb_accordion][\/et_pb_column][\/et_pb_row][\/et_pb_section]","protected":false},"excerpt":{"rendered":"<p>&nbsp;Pedido&nbsp; &nbsp;Datos&nbsp; &nbsp;Pago Preguntas frecuentesArgentinos pueden pagar en Pesos Argentinos. Te ofrecemos distintos medios de pago. Pod\u00e9s pagar Tarjetas de Cr\u00e9dito, con Tarjeta de D\u00e9bito, Transferencia Bancaria, Dep\u00f3sito Bancario, \u00a0si lo prefer\u00eds, pod\u00e9s pagar directamente en nuestra agencia al llegar. Pod\u00e9s verificar las alternativas disponibles para cada caso en la secci\u00f3n \u201cForma de pago\u201d que [&hellip;]<\/p>\n","protected":false},"author":3,"featured_media":0,"parent":0,"menu_order":0,"comment_status":"closed","ping_status":"closed","template":"","meta":{"_et_pb_use_builder":"on","_et_pb_old_content":"","_et_gb_content_width":"","_joinchat":[],"footnotes":""},"_links":{"self":[{"href":"https:\/\/www.nordic-travel.com.ar\/es\/wp-json\/wp\/v2\/pages\/32"}],"collection":[{"href":"https:\/\/www.nordic-travel.com.ar\/es\/wp-json\/wp\/v2\/pages"}],"about":[{"href":"https:\/\/www.nordic-travel.com.ar\/es\/wp-json\/wp\/v2\/types\/page"}],"author":[{"embeddable":true,"href":"https:\/\/www.nordic-travel.com.ar\/es\/wp-json\/wp\/v2\/users\/3"}],"replies":[{"embeddable":true,"href":"https:\/\/www.nordic-travel.com.ar\/es\/wp-json\/wp\/v2\/comments?post=32"}],"version-history":[{"count":7,"href":"https:\/\/www.nordic-travel.com.ar\/es\/wp-json\/wp\/v2\/pages\/32\/revisions"}],"predecessor-version":[{"id":25139,"href":"https:\/\/www.nordic-travel.com.ar\/es\/wp-json\/wp\/v2\/pages\/32\/revisions\/25139"}],"wp:attachment":[{"href":"https:\/\/www.nordic-travel.com.ar\/es\/wp-json\/wp\/v2\/media?parent=32"}],"curies":[{"name":"wp","href":"https:\/\/api.w.org\/{rel}","templated":true}]}}