{"id":31,"date":"2019-12-28T12:20:30","date_gmt":"2019-12-28T12:20:30","guid":{"rendered":"https:\/\/nordic-travel.com.ar\/es\/?page_id=277"},"modified":"2019-12-28T12:20:30","modified_gmt":"2019-12-28T12:20:30","slug":"cancelaciones","status":"publish","type":"page","link":"https:\/\/www.nordic-travel.com.ar\/es\/cancelaciones\/","title":{"rendered":"Cancelaciones"},"content":{"rendered":"<p>[et_pb_section fb_built=\u00bb1&#8243; _builder_version=\u00bb4.0.9&#8243;][et_pb_row _builder_version=\u00bb4.0.9&#8243;][et_pb_column type=\u00bb4_4&#8243; _builder_version=\u00bb4.0.9&#8243;][et_pb_text _builder_version=\u00bb4.0.9&#8243; text_text_color=\u00bb#ef7700&#8243; text_font_size=\u00bb30px\u00bb]<\/p>\n<p style=\"text-align: center;\">Cancelaciones<\/p>\n<p>[\/et_pb_text][et_pb_accordion open_toggle_text_color=\u00bb#000000&#8243; icon_color=\u00bb#ef7700&#8243; use_icon_font_size=\u00bbon\u00bb icon_font_size=\u00bb22px\u00bb _builder_version=\u00bb4.4.8&#8243; toggle_text_color=\u00bb#ef7700&#8243; toggle_font_size=\u00bb22px\u00bb hover_enabled=\u00bb0&#8243;][et_pb_accordion_item title=\u00bbPol\u00edticas de cancelaci\u00f3n\u00bb open=\u00bbon\u00bb _builder_version=\u00bb4.4.8&#8243; hover_enabled=\u00bb0&#8243;]<\/p>\n<p>Aplica \u00fanicamente a servicios brindados por Nordic Travel, no tercerizados. Pol\u00edticas de cancelaci\u00f3n de terceros consultar al momento de contratar servicios.<br \/>\u2022 10 d\u00edas anticipado, devoluci\u00f3n 100% (se retiene gastos bancarios en caso de Tarjeta de cr\u00e9dito 20%)<br \/>\u2022 7 a 9 d\u00edas, devoluci\u00f3n 75%<br \/>\u2022 3 a 6 d\u00edas, devoluci\u00f3n 50%<br \/>\u2022 2 d\u00edas, devoluci\u00f3n 25%<br \/>\u2022 24hs antes del horario de inicio del tour no tiene devoluci\u00f3n o cambio alguno, en ninguna situaci\u00f3n.<br \/>*Las cancelaciones por covid deben presentar test covid positivo. Los contactos estrechos que acompa\u00f1an a uno o m\u00e1s integrantes, no aplican para la cancelaci\u00f3n.<\/p>\n<p>[\/et_pb_accordion_item][et_pb_accordion_item title=\u00bbCondiciones\u00bb _builder_version=\u00bb3.17.6&#8243; open=\u00bboff\u00bb]<\/p>\n<p>No se permiten cancelaciones ni modificaci\u00f3n de fechas en el d\u00ed\u00ada del servicio o posteriores a la fecha del mismo. Tenga en cuenta que en caso de NO presentarse, no podr\u00e1 reclamar el reintegro del dinero.<\/p>\n<p>Esta reserva no permite modificaciones salvo por casos puntuales que pueda La Empresa reconsiderar y este con disponibilidad.<\/p>\n<p>[\/et_pb_accordion_item][\/et_pb_accordion][\/et_pb_column][\/et_pb_row][\/et_pb_section]<\/p>\n","protected":false},"excerpt":{"rendered":"<p>CancelacionesAplica \u00fanicamente a servicios brindados por Nordic Travel, no tercerizados. Pol\u00edticas de cancelaci\u00f3n de terceros consultar al momento de contratar servicios.\u2022 10 d\u00edas anticipado, devoluci\u00f3n 100% (se retiene gastos bancarios en caso de Tarjeta de cr\u00e9dito 20%)\u2022 7 a 9 d\u00edas, devoluci\u00f3n 75%\u2022 3 a 6 d\u00edas, devoluci\u00f3n 50%\u2022 2 d\u00edas, devoluci\u00f3n 25%\u2022 24hs antes [&hellip;]<\/p>\n","protected":false},"author":3,"featured_media":0,"parent":0,"menu_order":0,"comment_status":"closed","ping_status":"closed","template":"","meta":{"_et_pb_use_builder":"on","_et_pb_old_content":"","_et_gb_content_width":"","_joinchat":[],"footnotes":""},"_links":{"self":[{"href":"https:\/\/www.nordic-travel.com.ar\/es\/wp-json\/wp\/v2\/pages\/31"}],"collection":[{"href":"https:\/\/www.nordic-travel.com.ar\/es\/wp-json\/wp\/v2\/pages"}],"about":[{"href":"https:\/\/www.nordic-travel.com.ar\/es\/wp-json\/wp\/v2\/types\/page"}],"author":[{"embeddable":true,"href":"https:\/\/www.nordic-travel.com.ar\/es\/wp-json\/wp\/v2\/users\/3"}],"replies":[{"embeddable":true,"href":"https:\/\/www.nordic-travel.com.ar\/es\/wp-json\/wp\/v2\/comments?post=31"}],"version-history":[{"count":0,"href":"https:\/\/www.nordic-travel.com.ar\/es\/wp-json\/wp\/v2\/pages\/31\/revisions"}],"wp:attachment":[{"href":"https:\/\/www.nordic-travel.com.ar\/es\/wp-json\/wp\/v2\/media?parent=31"}],"curies":[{"name":"wp","href":"https:\/\/api.w.org\/{rel}","templated":true}]}}