{"id":135,"date":"2020-01-06T09:32:11","date_gmt":"2020-01-06T09:32:11","guid":{"rendered":"https:\/\/nordic-travel.com.ar\/es\/?page_id=909"},"modified":"2022-12-06T19:24:59","modified_gmt":"2022-12-06T22:24:59","slug":"desde-tucuman","status":"publish","type":"page","link":"https:\/\/www.nordic-travel.com.ar\/es\/desde-tucuman\/","title":{"rendered":"DESDE TUCUMAN"},"content":{"rendered":"<p>[et_pb_section fb_built=\u00bb1&#8243; custom_padding_last_edited=\u00bbon|desktop\u00bb disabled_on=\u00bbon|on|off\u00bb _builder_version=\u00bb4.16&#8243; background_image=\u00bbhttps:\/\/nordic-travel.com.ar\/es\/wp-content\/uploads\/2020\/06\/vuelta-al-norte-puna-y-salares-galeria-10.jpg\u00bb custom_margin=\u00bb||||false|false\u00bb custom_margin_tablet=\u00bb\u00bb custom_margin_phone=\u00bb\u00bb custom_margin_last_edited=\u00bbon|desktop\u00bb custom_padding=\u00bb122px||122px||true|false\u00bb custom_padding_tablet=\u00bb78px||78px||true|false\u00bb custom_padding_phone=\u00bb48px||48px||true|false\u00bb global_colors_info=\u00bb{}\u00bb custom_margin__hover_enabled=\u00bboff|desktop\u00bb][et_pb_row use_custom_gutter=\u00bbon\u00bb gutter_width=\u00bb1&#8243; _builder_version=\u00bb4.16&#8243; width=\u00bb90%\u00bb global_colors_info=\u00bb{}\u00bb][et_pb_column type=\u00bb4_4&#8243; _builder_version=\u00bb4.16&#8243; global_colors_info=\u00bb{}\u00bb][et_pb_button button_url=\u00bbhttps:\/\/nordic-travel.com.ar\/es\/home\/\u00bb button_text=\u00bbHome\u00bb admin_label=\u00bbBot\u00f3n\u00bb _builder_version=\u00bb4.16&#8243; custom_button=\u00bbon\u00bb button_text_size=\u00bb18px\u00bb button_border_width=\u00bb0px\u00bb button_font=\u00bbMontserrat|600|||||||\u00bb button_icon=\u00bb&#x48;||divi||400&#8243; button_icon_color=\u00bb#ffffff\u00bb button_icon_placement=\u00bbleft\u00bb button_on_hover=\u00bboff\u00bb custom_margin=\u00bb0px|||21px|false|false\u00bb button_text_color_last_edited=\u00bboff|tablet\u00bb button_bg_color_last_edited=\u00bboff|desktop\u00bb global_colors_info=\u00bb{}\u00bb][\/et_pb_button][et_pb_text content_tablet=\u00bb<\/p>\n<p>Desde Tucum\u00e1n<\/p>\n<p>\u00bb content_phone=\u00bb<\/p>\n<p>Desde Tucum\u00e1n<\/p>\n<p>\u00bb content_last_edited=\u00bbon|phone\u00bb disabled_on=\u00bboff|off|off\u00bb _builder_version=\u00bb4.16&#8243; text_font=\u00bb|700|||||||\u00bb text_text_color=\u00bb#ffffff\u00bb text_font_size=\u00bb77px\u00bb header_2_font=\u00bbRoboto Condensed||||||||\u00bb header_2_text_color=\u00bb#EF7700&#8243; header_2_font_size=\u00bb36px\u00bb min_height=\u00bb2px\u00bb custom_margin=\u00bb-1px|29px|2px|29px|false|true\u00bb custom_padding=\u00bb45px||21px|||\u00bb text_font_tablet=\u00bb\u00bb text_font_phone=\u00bb|600|||||||\u00bb text_font_last_edited=\u00bbon|phone\u00bb text_font_size_tablet=\u00bb62px\u00bb text_font_size_phone=\u00bb42px\u00bb text_font_size_last_edited=\u00bbon|phone\u00bb text_text_shadow_style=\u00bbpreset2&#8243; global_colors_info=\u00bb{}\u00bb]<\/p>\n<p>Desde Tucum\u00e1n<\/p>\n<p>[\/et_pb_text][\/et_pb_column][\/et_pb_row][\/et_pb_section][et_pb_section fb_built=\u00bb1&#8243; disabled_on=\u00bboff|off|on\u00bb _builder_version=\u00bb4.16&#8243; custom_padding=\u00bb0px||0px||false|false\u00bb collapsed=\u00bbon\u00bb global_colors_info=\u00bb{}\u00bb][et_pb_row make_equal=\u00bbon\u00bb _builder_version=\u00bb4.16&#8243; background_image=\u00bbhttps:\/\/nordic-travel.com.ar\/es\/wp-content\/uploads\/2020\/06\/vuelta-al-norte-puna-y-salares-galeria-10.jpg\u00bb width=\u00bb100%\u00bb custom_padding=\u00bb||27px|||\u00bb global_colors_info=\u00bb{}\u00bb][et_pb_column type=\u00bb4_4&#8243; _builder_version=\u00bb4.16&#8243; global_colors_info=\u00bb{}\u00bb][et_pb_button button_url=\u00bbhttps:\/\/nordic-travel.com.ar\/es\/home\/\u00bb button_text=\u00bbHome\u00bb _builder_version=\u00bb4.16&#8243; custom_button=\u00bbon\u00bb button_text_size=\u00bb18px\u00bb button_border_width=\u00bb0px\u00bb button_font=\u00bbMontserrat|600|||||||\u00bb button_icon=\u00bb&#x48;||divi||400&#8243; button_icon_color=\u00bb#ffffff\u00bb button_icon_placement=\u00bbleft\u00bb button_on_hover=\u00bboff\u00bb custom_margin=\u00bb95px|||21px|false|false\u00bb button_text_color_last_edited=\u00bboff|tablet\u00bb button_bg_color_last_edited=\u00bboff|desktop\u00bb global_colors_info=\u00bb{}\u00bb][\/et_pb_button][\/et_pb_column][\/et_pb_row][\/et_pb_section][et_pb_section fb_built=\u00bb1&#8243; disabled_on=\u00bbon|on|off\u00bb _builder_version=\u00bb4.19.0&#8243; background_color=\u00bb#f1f5f9&#8243; custom_padding=\u00bb1px||2px|||\u00bb collapsed=\u00bboff\u00bb global_colors_info=\u00bb{}\u00bb][et_pb_row _builder_version=\u00bb4.16&#8243; custom_padding=\u00bb14px||11px|||\u00bb global_colors_info=\u00bb{}\u00bb][et_pb_column type=\u00bb4_4&#8243; _builder_version=\u00bb4.16&#8243; global_colors_info=\u00bb{}\u00bb][et_pb_menu menu_id=\u00bb46&#8243; active_link_color=\u00bb#000000&#8243; disabled_on=\u00bboff|off|off\u00bb _builder_version=\u00bb4.19.0&#8243; menu_font=\u00bbRoboto Condensed||||||||\u00bb menu_text_color=\u00bb#F07700&#8243; menu_font_size=\u00bb18px\u00bb background_enable_color=\u00bboff\u00bb custom_margin=\u00bb||14px|||\u00bb custom_padding=\u00bb7px||0px|||\u00bb global_colors_info=\u00bb{}\u00bb][\/et_pb_menu][\/et_pb_column][\/et_pb_row][\/et_pb_section][et_pb_section fb_built=\u00bb1&#8243; disabled_on=\u00bboff|off|on\u00bb _builder_version=\u00bb4.19.0&#8243; background_color=\u00bb#f1f5f9&#8243; custom_padding=\u00bb3px||3px|||\u00bb collapsed=\u00bboff\u00bb global_colors_info=\u00bb{}\u00bb][et_pb_row _builder_version=\u00bb4.16&#8243; custom_padding=\u00bb27px||0px|||\u00bb global_colors_info=\u00bb{}\u00bb][et_pb_column type=\u00bb4_4&#8243; _builder_version=\u00bb4.16&#8243; global_colors_info=\u00bb{}\u00bb][et_pb_text _builder_version=\u00bb4.19.0&#8243; text_font=\u00bbRoboto Condensed|700|||||||\u00bb text_text_color=\u00bb#F07700&#8243; text_font_size=\u00bb23px\u00bb custom_margin=\u00bb||14px|||\u00bb global_colors_info=\u00bb{}\u00bb]Desde Tucum\u00e1n<br \/>\n[\/et_pb_text][et_pb_sidebar area=\u00bbet_pb_widget_area_5&#8243; show_border=\u00bboff\u00bb disabled_on=\u00bboff|off|off\u00bb admin_label=\u00bbBarra lateral\u00bb _builder_version=\u00bb4.16&#8243; body_font_size=\u00bb18px\u00bb body_line_height=\u00bb2.1em\u00bb background_enable_color=\u00bboff\u00bb background_image=\u00bbhttps:\/\/nordic-travel.com.ar\/es\/wp-content\/uploads\/2020\/06\/menu_mobil.png\u00bb background_size=\u00bbinitial\u00bb background_position=\u00bbtop_left\u00bb text_orientation=\u00bbleft\u00bb custom_margin=\u00bb18px||||false|false\u00bb custom_padding=\u00bb||0px|51px|false|false\u00bb animation_style=\u00bbbounce\u00bb border_width_all=\u00bb6px\u00bb border_color_all=\u00bb#000000&#8243; border_width_top=\u00bb0px\u00bb border_style_top=\u00bbridge\u00bb border_width_bottom=\u00bb1px\u00bb global_colors_info=\u00bb{}\u00bb][\/et_pb_sidebar][dsm_menu menu_id=\u00bb46&#8243; _builder_version=\u00bb4.19.1&#8243; _module_preset=\u00bbdefault\u00bb hover_enabled=\u00bb0&#8243; global_colors_info=\u00bb{}\u00bb sticky_enabled=\u00bb0&#8243;][\/dsm_menu][\/et_pb_column][\/et_pb_row][\/et_pb_section][et_pb_section fb_built=\u00bb1&#8243; admin_label=\u00bbsection\u00bb module_id=\u00bbexcursiones\u00bb _builder_version=\u00bb4.19.0&#8243; custom_padding=\u00bb0px||0px||false|false\u00bb global_colors_info=\u00bb{}\u00bb][et_pb_row _builder_version=\u00bb4.19.0&#8243; _module_preset=\u00bbdefault\u00bb custom_padding=\u00bb6px|||||\u00bb global_colors_info=\u00bb{}\u00bb][et_pb_column type=\u00bb4_4&#8243; _builder_version=\u00bb4.19.0&#8243; _module_preset=\u00bbdefault\u00bb global_colors_info=\u00bb{}\u00bb][et_pb_text _builder_version=\u00bb4.19.0&#8243; text_font=\u00bb|300|||||||\u00bb text_text_color=\u00bb#474747&#8243; text_font_size=\u00bb30px\u00bb text_orientation=\u00bbcenter\u00bb custom_margin=\u00bb18px||17px|||\u00bb global_colors_info=\u00bb{}\u00bb]Excursiones desde Tucum\u00e1n[\/et_pb_text][dpdfg_filtergrid custom_query=\u00bbadvanced\u00bb multiple_cpt=\u00bbproduct\u00bb post_number=\u00bb50&#8243; order=\u00bbASC\u00bb show_author=\u00bboff\u00bb show_content=\u00bbon\u00bb multilevel=\u00bbon\u00bb filter_terms=\u00bb23&#8243; default_filter=\u00bb23&#8243; items_layout=\u00bbdp-dfg-layout-list\u00bb column_gutter=\u00bb3em\u00bb row_gutter=\u00bb3em\u00bb use_overlay_icon=\u00bboff\u00bb hover_overlay_color=\u00bbrgba(224,153,0,0)\u00bb show_price=\u00bbon\u00bb show_ratings=\u00bbon\u00bb ratings_output=\u00bbstarsandtext\u00bb rating_color=\u00bb#fa9c2c\u00bb _builder_version=\u00bb4.19.0&#8243; _module_preset=\u00bbdefault\u00bb dpdfg_entry_title_font=\u00bb||||||||\u00bb dpdfg_entry_title_text_align=\u00bbleft\u00bb dpdfg_entry_title_text_color=\u00bb#ef7700&#8243; dpdfg_entry_title_font_size=\u00bb24px\u00bb dpdfg_entry_title_line_height=\u00bb1.3em\u00bb dpdfg_entry_summary_font=\u00bb|600|||||||\u00bb dpdfg_entry_summary_text_color=\u00bb#6B6B6B\u00bb dpdfg_entry_summary_font_size=\u00bb16px\u00bb dpdfg_entry_custom_text_color=\u00bb#000000&#8243; dpdfg_woo_price_font=\u00bb|600|||||||\u00bb dpdfg_woo_price_text_color=\u00bb#fa9c2c\u00bb dpdfg_woo_price_font_size=\u00bb24px\u00bb dpdfg_woo_price_line_height=\u00bb1em\u00bb dpdfg_woo_description_font=\u00bb||||||||\u00bb dpdfg_woo_description_font_size=\u00bb18px\u00bb custom_action_button=\u00bbon\u00bb custom_margin=\u00bb||||false|false\u00bb custom_padding=\u00bb||||false|false\u00bb box_shadow_style=\u00bbpreset1&#8243; global_colors_info=\u00bb{}\u00bb][\/dpdfg_filtergrid][\/et_pb_column][\/et_pb_row][\/et_pb_section][et_pb_section fb_built=\u00bb1&#8243; admin_label=\u00bbsection\u00bb module_id=\u00bbpaquetes\u00bb _builder_version=\u00bb4.19.0&#8243; custom_padding=\u00bb0px||0px||false|false\u00bb global_colors_info=\u00bb{}\u00bb][et_pb_row _builder_version=\u00bb4.19.0&#8243; _module_preset=\u00bbdefault\u00bb custom_padding=\u00bb6px|||||\u00bb global_colors_info=\u00bb{}\u00bb][et_pb_column type=\u00bb4_4&#8243; _builder_version=\u00bb4.19.0&#8243; _module_preset=\u00bbdefault\u00bb global_colors_info=\u00bb{}\u00bb][et_pb_text _builder_version=\u00bb4.19.0&#8243; text_font=\u00bb|300|||||||\u00bb text_text_color=\u00bb#474747&#8243; text_font_size=\u00bb30px\u00bb text_orientation=\u00bbcenter\u00bb custom_margin=\u00bb18px||17px|||\u00bb global_colors_info=\u00bb{}\u00bb]Paquetes desde Tucum\u00e1n[\/et_pb_text][dpdfg_filtergrid custom_query=\u00bbadvanced\u00bb multiple_cpt=\u00bbproduct\u00bb post_number=\u00bb50&#8243; order=\u00bbASC\u00bb show_author=\u00bboff\u00bb show_content=\u00bbon\u00bb multilevel=\u00bbon\u00bb filter_terms=\u00bb21&#8243; default_filter=\u00bb21&#8243; items_layout=\u00bbdp-dfg-layout-list\u00bb column_gutter=\u00bb3em\u00bb row_gutter=\u00bb3em\u00bb use_overlay_icon=\u00bboff\u00bb hover_overlay_color=\u00bbrgba(224,153,0,0)\u00bb show_price=\u00bbon\u00bb show_ratings=\u00bbon\u00bb ratings_output=\u00bbstarsandtext\u00bb rating_color=\u00bb#fa9c2c\u00bb _builder_version=\u00bb4.19.0&#8243; _module_preset=\u00bbdefault\u00bb dpdfg_entry_title_font=\u00bb||||||||\u00bb dpdfg_entry_title_text_align=\u00bbleft\u00bb dpdfg_entry_title_text_color=\u00bb#ef7700&#8243; dpdfg_entry_title_font_size=\u00bb24px\u00bb dpdfg_entry_title_line_height=\u00bb1.3em\u00bb dpdfg_entry_summary_font=\u00bb|600|||||||\u00bb dpdfg_entry_summary_text_color=\u00bb#6B6B6B\u00bb dpdfg_entry_summary_font_size=\u00bb16px\u00bb dpdfg_entry_custom_text_color=\u00bb#000000&#8243; dpdfg_woo_price_font=\u00bb|600|||||||\u00bb dpdfg_woo_price_text_color=\u00bb#fa9c2c\u00bb dpdfg_woo_price_font_size=\u00bb24px\u00bb dpdfg_woo_price_line_height=\u00bb1em\u00bb dpdfg_woo_description_font=\u00bb||||||||\u00bb dpdfg_woo_description_font_size=\u00bb18px\u00bb custom_action_button=\u00bbon\u00bb custom_margin=\u00bb||||false|false\u00bb custom_padding=\u00bb||||false|false\u00bb box_shadow_style=\u00bbpreset1&#8243; global_colors_info=\u00bb{}\u00bb][\/dpdfg_filtergrid][\/et_pb_column][\/et_pb_row][\/et_pb_section][et_pb_section fb_built=\u00bb1&#8243; admin_label=\u00bbsection\u00bb module_id=\u00bbtraslados\u00bb _builder_version=\u00bb4.19.0&#8243; custom_padding=\u00bb0px||0px||false|false\u00bb global_colors_info=\u00bb{}\u00bb][et_pb_row _builder_version=\u00bb4.19.0&#8243; _module_preset=\u00bbdefault\u00bb custom_padding=\u00bb6px|||||\u00bb global_colors_info=\u00bb{}\u00bb][et_pb_column type=\u00bb4_4&#8243; _builder_version=\u00bb4.19.0&#8243; _module_preset=\u00bbdefault\u00bb global_colors_info=\u00bb{}\u00bb][et_pb_text _builder_version=\u00bb4.19.0&#8243; text_font=\u00bb|300|||||||\u00bb text_text_color=\u00bb#474747&#8243; text_font_size=\u00bb30px\u00bb text_orientation=\u00bbcenter\u00bb custom_margin=\u00bb18px||17px|||\u00bb global_colors_info=\u00bb{}\u00bb]Traslados[\/et_pb_text][dpdfg_filtergrid custom_query=\u00bbadvanced\u00bb multiple_cpt=\u00bbproduct\u00bb post_number=\u00bb50&#8243; order=\u00bbASC\u00bb show_author=\u00bboff\u00bb show_content=\u00bbon\u00bb multilevel=\u00bbon\u00bb filter_terms=\u00bb22&#8243; default_filter=\u00bb22&#8243; items_layout=\u00bbdp-dfg-layout-list\u00bb column_gutter=\u00bb3em\u00bb row_gutter=\u00bb3em\u00bb use_overlay_icon=\u00bboff\u00bb hover_overlay_color=\u00bbrgba(224,153,0,0)\u00bb show_price=\u00bbon\u00bb show_ratings=\u00bbon\u00bb ratings_output=\u00bbstarsandtext\u00bb rating_color=\u00bb#fa9c2c\u00bb _builder_version=\u00bb4.19.0&#8243; _module_preset=\u00bbdefault\u00bb dpdfg_entry_title_font=\u00bb||||||||\u00bb dpdfg_entry_title_text_align=\u00bbleft\u00bb dpdfg_entry_title_text_color=\u00bb#ef7700&#8243; dpdfg_entry_title_font_size=\u00bb24px\u00bb dpdfg_entry_title_line_height=\u00bb1.3em\u00bb dpdfg_entry_summary_font=\u00bb|600|||||||\u00bb dpdfg_entry_summary_text_color=\u00bb#6B6B6B\u00bb dpdfg_entry_summary_font_size=\u00bb16px\u00bb dpdfg_entry_custom_text_color=\u00bb#000000&#8243; dpdfg_woo_price_font=\u00bb|600|||||||\u00bb dpdfg_woo_price_text_color=\u00bb#fa9c2c\u00bb dpdfg_woo_price_font_size=\u00bb24px\u00bb dpdfg_woo_price_line_height=\u00bb1em\u00bb dpdfg_woo_description_font=\u00bb||||||||\u00bb dpdfg_woo_description_font_size=\u00bb18px\u00bb custom_action_button=\u00bbon\u00bb custom_margin=\u00bb||||false|false\u00bb custom_padding=\u00bb||||false|false\u00bb box_shadow_style=\u00bbpreset1&#8243; global_colors_info=\u00bb{}\u00bb][\/dpdfg_filtergrid][\/et_pb_column][\/et_pb_row][\/et_pb_section]<\/p>\n","protected":false},"excerpt":{"rendered":"<p>Desde Tucum\u00e1nDesde Tucum\u00e1n <div class=\"et_pb_module dsm_menu dsm_menu_0  et_pb_text_align_left et_pb_bg_layout_light\">\n\t\t\t\t\n\t\t\t\t\n\t\t\t\t\n\t\t\t\t\n\t\t\t\t\n\t\t\t\t\n\t\t\t\t<div class=\"et_pb_module_inner\">\n\t\t\t\t\t<nav class=\"dsm-menu-container\" role=\"navigation\" itemscope itemtype=\"http:\/\/schema.org\/SiteNavigationElement\"><ul id=\"menu-desde-tucuman\" class=\"dsm-menu dsm-menu-style-type-disc dsm-menu-layout-vertical\"><li id=\"menu-item-1372\" class=\"et_pb_menu_page_id-1372 menu-item menu-item-type-custom menu-item-object-custom menu-item-1372\"><a href=\"https:\/\/www.nordic-travel.com.ar\/es\/desde-tucuman\/#excursiones\" itemprop=\"url\"><span itemprop=\"name\">Excursiones<\/span><\/a><\/li>\n<li id=\"menu-item-1373\" class=\"et_pb_menu_page_id-1373 menu-item menu-item-type-custom menu-item-object-custom menu-item-1373\"><a href=\"https:\/\/www.nordic-travel.com.ar\/es\/desde-tucuman\/#paquetes\" itemprop=\"url\"><span itemprop=\"name\">Paquetes<\/span><\/a><\/li>\n<li id=\"menu-item-1374\" class=\"et_pb_menu_page_id-1374 menu-item menu-item-type-custom menu-item-object-custom menu-item-1374\"><a href=\"https:\/\/www.nordic-travel.com.ar\/es\/desde-tucuman\/#traslados\" itemprop=\"url\"><span itemprop=\"name\">Traslados<\/span><\/a><\/li>\n<\/ul><\/nav>\n\t\t\t\t<\/div>\n\t\t\t<\/div>Excursiones desde Tucum\u00e1n<div class=\"et_pb_module dpdfg_filtergrid dpdfg_filtergrid_0\">\n\t\t\t\t\n\t\t\t\t\n\t\t\t\t\n\t\t\t\t\n\t\t\t\t\n\t\t\t\t\n\t\t\t\t<div class=\"et_pb_module_inner\">\n\t\t\t\t\t<!-- DPDFG Start Main Container --><div class=\"dp-dfg-container dp-dfg-layout-list dp-dfg-skin-default\" data-active-filter=\"23\" data-page=\"1\" data-found-posts=\"4\" data-post-number=\"50\" data-default-filter=\"23\" data-link-filter=\"\" data-cache=\"off\" data-ratio=\"0.71\" data-show-thumb=\"on\" data-action=\"link\" data-new-window=\"off\" data-multifilter=\"off|OR\" data-multilevel=\"on|AND|off\" data-doing-ajax=\"off\" data-module=\"dpdfg_filtergrid_0\" data-search =\"off\" data-search-position=\"above\" data-filters=\"on\" data-terms-tags=\"on\" data-pagination=\"on\" data-filter-method=\"default\" data-third-party=\"\"><div class=\"dp-dfg-filters dp-dfg-filters-buttons-layout\" data-layout=\"button\" data-orderby=\"id\" data-hierarchy-levels=\"off\"><\/div><!-- DPDFG End Filters Container --><div class=\"dp-dfg-items\"><article id=\"post-250\" class=\"dp-dfg-item post-250 product type-product status-publish has-post-thumbnail product_cat-tucuman-excursiones first instock featured virtual purchasable product-type-phive_booking \"     data-position=\"0\"   data-new-tab=\"off\"   data-action-priority=\"item\"><figure class=\"dp-dfg-image entry-thumb\"><a href=\"https:\/\/www.nordic-travel.com.ar\/es\/producto\/city-tour-2\/\" class=\"dp-dfg-image-link\" ><img decoding=\"async\" class=\"dp-dfg-featured-image\" src=\"https:\/\/www.nordic-travel.com.ar\/es\/wp-content\/uploads\/2020\/06\/tuculocalidad.jpg\" alt=\"City tour Tucum\u00e1n\" width=\"381\" height=\"251\" data-ratio=\"0.65879265091864\"\/><\/a><\/figure><div class=\"dp-dfg-overlay\"><span class=\"dfg_et_overlay\" ><\/span><\/div><div class=\"dp-dfg-header entry-header\"><h2 class=\"entry-title\">City tour Tucum\u00e1n<\/h2><\/div><div class=\"dp-dfg-meta entry-meta\"><\/div><div class=\"dp-dfg-woo-product-data\" data-gallery=\"off\"><div class=\"dp-dfg-product-price\"><span class=\"woocommerce-Price-amount amount\"><bdi><span class=\"woocommerce-Price-currencySymbol\">&#36;<\/span>&nbsp;59.000<\/bdi><\/span><\/div><div class=\"dp-dfg-product-rating\"><div class=\"dp-dfg-star-rating\" role=\"img\" aria-label=\"Rated 5.00 out of 5\"><span class=\"dp-dfg-empty-stars\"><\/span><span class=\"dp-dfg-full-stars\" style=\"width:100%\"><\/span><\/div><div class=\"dp-dfg-text-rating\"><span style=\"width:100%\">Valorado <strong class=\"rating\">5.00<\/strong> sobre 5 basado en <span class=\"rating\">2<\/span> puntuaciones de clientes<\/span><\/div><\/div><\/div><div class=\"dp-dfg-content entry-summary\">El m\u00ednimo para este tour es de 2 pasajeros.\r\nUn breve paseo por la ciudad de San Miguel de Tucum\u00e1n nos lleva por un recorrido a trav\u00e9s de la historia y lugares m\u00e1s interesantes del casco central.<\/div><\/article><!-- DPDFG End Post Item Container --><article id=\"post-243\" class=\"dp-dfg-item post-243 product type-product status-publish has-post-thumbnail product_cat-tucuman-excursiones  instock featured virtual purchasable product-type-phive_booking \"     data-position=\"1\"   data-new-tab=\"off\"   data-action-priority=\"item\"><figure class=\"dp-dfg-image entry-thumb\"><a href=\"https:\/\/www.nordic-travel.com.ar\/es\/producto\/tucuman-tafi-del-valle-ruinas-de-quilmes\/\" class=\"dp-dfg-image-link\" ><img decoding=\"async\" class=\"dp-dfg-featured-image\" src=\"https:\/\/www.nordic-travel.com.ar\/es\/wp-content\/uploads\/2020\/06\/tafilocalidad.jpg\" alt=\"Tucuman + Taf\u00ed del valle + Ruinas de Quilmes\" width=\"381\" height=\"251\" data-ratio=\"0.65879265091864\"\/><\/a><\/figure><div class=\"dp-dfg-overlay\"><span class=\"dfg_et_overlay\" ><\/span><\/div><div class=\"dp-dfg-header entry-header\"><h2 class=\"entry-title\">Tucuman + Taf\u00ed del valle + Ruinas de Quilmes<\/h2><\/div><div class=\"dp-dfg-meta entry-meta\"><\/div><div class=\"dp-dfg-woo-product-data\" data-gallery=\"off\"><div class=\"dp-dfg-product-price\"><span class=\"woocommerce-Price-amount amount\"><bdi><span class=\"woocommerce-Price-currencySymbol\">&#36;<\/span>&nbsp;191.700<\/bdi><\/span><\/div><div class=\"dp-dfg-product-rating\"><div class=\"dp-dfg-star-rating\" role=\"img\" aria-label=\"Rated 5.00 out of 5\"><span class=\"dp-dfg-empty-stars\"><\/span><span class=\"dp-dfg-full-stars\" style=\"width:100%\"><\/span><\/div><div class=\"dp-dfg-text-rating\"><span style=\"width:100%\">Valorado <strong class=\"rating\">5.00<\/strong> sobre 5 basado en <span class=\"rating\">51<\/span> puntuaciones de clientes<\/span><\/div><\/div><\/div><div class=\"dp-dfg-content entry-summary\">El m\u00ednimo para este tour es de 3 pasajeros.\r\nUna visita a la ciudad de la magn\u00edfica entrada, as\u00ed catalogada por los ind\u00edgenas diaguita.<\/div><\/article><!-- DPDFG End Post Item Container --><article id=\"post-236\" class=\"dp-dfg-item post-236 product type-product status-publish has-post-thumbnail product_cat-tucuman-excursiones  instock featured virtual purchasable product-type-phive_booking \"     data-position=\"2\"   data-new-tab=\"off\"   data-action-priority=\"item\"><figure class=\"dp-dfg-image entry-thumb\"><a href=\"https:\/\/www.nordic-travel.com.ar\/es\/producto\/tucuman-tafi-del-valle-ruinas-de-quilmes-cafayate\/\" class=\"dp-dfg-image-link\" ><img decoding=\"async\" class=\"dp-dfg-featured-image\" src=\"https:\/\/www.nordic-travel.com.ar\/es\/wp-content\/uploads\/2020\/06\/cafayatetucumanlocalidad.jpg\" alt=\"Tucuman + Taf\u00ed Del Valle\u00a0+ Ruinas de Quilmes + Cafayate\" width=\"381\" height=\"251\" data-ratio=\"0.65879265091864\"\/><\/a><\/figure><div class=\"dp-dfg-overlay\"><span class=\"dfg_et_overlay\" ><\/span><\/div><div class=\"dp-dfg-header entry-header\"><h2 class=\"entry-title\">Tucuman + Taf\u00ed Del Valle\u00a0+ Ruinas de Quilmes + Cafayate<\/h2><\/div><div class=\"dp-dfg-meta entry-meta\"><\/div><div class=\"dp-dfg-woo-product-data\" data-gallery=\"off\"><div class=\"dp-dfg-product-price\"><span class=\"woocommerce-Price-amount amount\"><bdi><span class=\"woocommerce-Price-currencySymbol\">&#36;<\/span>&nbsp;219.600<\/bdi><\/span><\/div><div class=\"dp-dfg-product-rating\"><div class=\"dp-dfg-star-rating\" role=\"img\" aria-label=\"Rated 5.00 out of 5\"><span class=\"dp-dfg-empty-stars\"><\/span><span class=\"dp-dfg-full-stars\" style=\"width:100%\"><\/span><\/div><div class=\"dp-dfg-text-rating\"><span style=\"width:100%\">Valorado <strong class=\"rating\">5.00<\/strong> sobre 5 basado en <span class=\"rating\">1<\/span> puntuaci\u00f3n de cliente<\/span><\/div><\/div><\/div><div class=\"dp-dfg-content entry-summary\">El m\u00ednimo para este tour es de 3 pasajeros.\r\nUna visita a la ciudad de la magn\u00edfica entrada, as\u00ed catalogada por los ind\u00edgenas diaguita, las ruinas de Quilmes y Cafayate.<\/div><\/article><!-- DPDFG End Post Item Container --><article id=\"post-229\" class=\"dp-dfg-item post-229 product type-product status-publish has-post-thumbnail product_cat-tucuman-excursiones last instock featured virtual purchasable product-type-phive_booking \"     data-position=\"3\"   data-new-tab=\"off\"   data-action-priority=\"item\"><figure class=\"dp-dfg-image entry-thumb\"><a href=\"https:\/\/www.nordic-travel.com.ar\/es\/producto\/paisajes-y-yungas\/\" class=\"dp-dfg-image-link\" ><img decoding=\"async\" class=\"dp-dfg-featured-image\" src=\"https:\/\/www.nordic-travel.com.ar\/es\/wp-content\/uploads\/2020\/06\/paisajesyyungaslocalidad.jpg\" alt=\"Paisajes y Yungas\" width=\"381\" height=\"251\" data-ratio=\"0.65879265091864\"\/><\/a><\/figure><div class=\"dp-dfg-overlay\"><span class=\"dfg_et_overlay\" ><\/span><\/div><div class=\"dp-dfg-header entry-header\"><h2 class=\"entry-title\">Paisajes y Yungas<\/h2><\/div><div class=\"dp-dfg-meta entry-meta\"><\/div><div class=\"dp-dfg-woo-product-data\" data-gallery=\"off\"><div class=\"dp-dfg-product-price\"><span class=\"woocommerce-Price-amount amount\"><bdi><span class=\"woocommerce-Price-currencySymbol\">&#36;<\/span>&nbsp;95.900<\/bdi><\/span><\/div><div class=\"dp-dfg-product-rating\"><div class=\"dp-dfg-star-rating\" role=\"img\" aria-label=\"Rated 5.00 out of 5\"><span class=\"dp-dfg-empty-stars\"><\/span><span class=\"dp-dfg-full-stars\" style=\"width:100%\"><\/span><\/div><div class=\"dp-dfg-text-rating\"><span style=\"width:100%\">Valorado <strong class=\"rating\">5.00<\/strong> sobre 5 basado en <span class=\"rating\">4<\/span> puntuaciones de clientes<\/span><\/div><\/div><\/div><div class=\"dp-dfg-content entry-summary\">El m\u00ednimo para este tour es de 2 pasajeros.\r\nRealizamos un recorrido que nos llevar\u00e1 dentro en las Yungas Tucumanas.<\/div><\/article><!-- DPDFG End Post Item Container --><\/div><!-- DPDFG End Posts Items Container --><div class=\"dp-dfg-pagination\" data-base-url=\"\/es\/wp-json\/wp\/v2\/s\/135\" data-url-args=\"\"><ul class=\"pagination  dp-dfg-hide\"><li class=\"pagination-item previous-posts dp-dfg-direction  dp-dfg-hide\"><a href=\"\/es\/wp-json\/wp\/v2\/s\/135\/page\/1\/\" data-page=\"1\" class=\"pagination-link\"><span class=\"et-pb-icon\">&#x34;<\/span> <\/a><\/li><li class=\"pagination-item active\"><a href=\"\/es\/wp-json\/wp\/v2\/s\/135\/page\/1\/\" data-page=\"1\" class=\"pagination-link dp-dfg-page\">1<\/a><\/li><li class=\"pagination-item next-posts dp-dfg-direction  dp-dfg-hide\"><a href=\"\/es\/wp-json\/wp\/v2\/s\/135\/page\/1\/\" data-page=\"1\" class=\"pagination-link\">  <span class=\"et-pb-icon\">&#x35;<\/span><\/a><\/li><\/ul><\/div><!-- DPDFG End Pagination Container --><\/div><!-- DPDFG End Main Container -->\n\t\t\t\t<\/div>\n\t\t\t<\/div>Paquetes desde Tucum\u00e1n<div class=\"et_pb_module dpdfg_filtergrid dpdfg_filtergrid_1\">\n\t\t\t\t\n\t\t\t\t\n\t\t\t\t\n\t\t\t\t\n\t\t\t\t\n\t\t\t\t\n\t\t\t\t<div class=\"et_pb_module_inner\">\n\t\t\t\t\t<div class=\"dp-dfg-container dp-dfg-empty\"><div class=\"dp-dfg-items\"><\/div><div class=\"dp-dfg-no-results\">No results found.<\/div><\/div>\n\t\t\t\t<\/div>\n\t\t\t<\/div><\/p>\n","protected":false},"author":3,"featured_media":0,"parent":0,"menu_order":0,"comment_status":"closed","ping_status":"closed","template":"","meta":{"_et_pb_use_builder":"on","_et_pb_old_content":"","_et_gb_content_width":"","_joinchat":[],"footnotes":""},"_links":{"self":[{"href":"https:\/\/www.nordic-travel.com.ar\/es\/wp-json\/wp\/v2\/pages\/135"}],"collection":[{"href":"https:\/\/www.nordic-travel.com.ar\/es\/wp-json\/wp\/v2\/pages"}],"about":[{"href":"https:\/\/www.nordic-travel.com.ar\/es\/wp-json\/wp\/v2\/types\/page"}],"author":[{"embeddable":true,"href":"https:\/\/www.nordic-travel.com.ar\/es\/wp-json\/wp\/v2\/users\/3"}],"replies":[{"embeddable":true,"href":"https:\/\/www.nordic-travel.com.ar\/es\/wp-json\/wp\/v2\/comments?post=135"}],"version-history":[{"count":1,"href":"https:\/\/www.nordic-travel.com.ar\/es\/wp-json\/wp\/v2\/pages\/135\/revisions"}],"predecessor-version":[{"id":1999,"href":"https:\/\/www.nordic-travel.com.ar\/es\/wp-json\/wp\/v2\/pages\/135\/revisions\/1999"}],"wp:attachment":[{"href":"https:\/\/www.nordic-travel.com.ar\/es\/wp-json\/wp\/v2\/media?parent=135"}],"curies":[{"name":"wp","href":"https:\/\/api.w.org\/{rel}","templated":true}]}}