{"id":23,"date":"2022-12-04T13:35:27","date_gmt":"2022-12-04T13:35:27","guid":{"rendered":"https:\/\/nordic-travel.com.ar\/agencia-de-viajes\/?page_id=23"},"modified":"2022-12-04T11:35:02","modified_gmt":"2022-12-04T14:35:02","slug":"agencia-de-viajes","status":"publish","type":"page","link":"https:\/\/www.nordic-travel.com.ar\/agencia-de-viajes\/","title":{"rendered":"Agencia de Viajes"},"content":{"rendered":"<p>[et_pb_section fb_built=\u00bb1&#8243; specialty=\u00bbon\u00bb _builder_version=\u00bb4.16&#8243; global_colors_info=\u00bb{}\u00bb][et_pb_column type=\u00bb3_4&#8243; specialty_columns=\u00bb3&#8243; _builder_version=\u00bb4.16&#8243; custom_padding=\u00bb|||\u00bb global_colors_info=\u00bb{}\u00bb custom_padding__hover=\u00bb|||\u00bb][et_pb_row_inner column_structure=\u00bb1_2,1_2&#8243; use_custom_gutter=\u00bbon\u00bb _builder_version=\u00bb4.16&#8243; global_colors_info=\u00bb{}\u00bb][et_pb_column_inner type=\u00bb1_2&#8243; saved_specialty_column_type=\u00bb3_4&#8243; _builder_version=\u00bb4.16&#8243; global_colors_info=\u00bb{}\u00bb][et_pb_image src=\u00bbhttps:\/\/nordic-travel.com.ar\/agencia-de-viajes\/wp-content\/uploads\/2022\/12\/app-marketing-illustration-03.png\u00bb _builder_version=\u00bb4.16&#8243; filter_hue_rotate=\u00bb95deg\u00bb filter_saturate=\u00bb61%\u00bb hover_enabled=\u00bb0&#8243; global_colors_info=\u00bb{}\u00bb sticky_enabled=\u00bb0&#8243;][\/et_pb_image][\/et_pb_column_inner][et_pb_column_inner type=\u00bb1_2&#8243; saved_specialty_column_type=\u00bb3_4&#8243; _builder_version=\u00bb4.16&#8243; global_colors_info=\u00bb{}\u00bb][et_pb_text _builder_version=\u00bb4.16&#8243; custom_padding=\u00bb||36px|||\u00bb global_colors_info=\u00bb{}\u00bb]<\/p>\n<h2>ACCESO AGENCIAS DE VIAJES<\/h2>\n<p>Te permitir\u00e1 descargar nuestras tarifas diferenciadas exclusivas para las agencias asociadas a NORDIC TRAVEL<\/p>\n<p>[\/et_pb_text][et_pb_text _builder_version=\u00bb4.16&#8243; global_colors_info=\u00bb{}\u00bb]<\/p>\n<h4>REGISTRATE<\/h4>\n<p>Si todav\u00eda no estas registrado podes solicitar tu membres\u00eda.<\/p>\n<p>[\/et_pb_text][\/et_pb_column_inner][\/et_pb_row_inner][et_pb_row_inner _builder_version=\u00bb4.16&#8243; global_colors_info=\u00bb{}\u00bb][et_pb_column_inner saved_specialty_column_type=\u00bb3_4&#8243; _builder_version=\u00bb4.16&#8243; global_colors_info=\u00bb{}\u00bb][et_pb_contact_form email=\u00bbreservas@nordic-travel.com.ar\u00bb title=\u00bbREGISTRO PARA AGENCIAS\u00bb _builder_version=\u00bb4.16&#8243; _unique_id=\u00bbf330b843-bcb8-4ec3-89ae-7e30956b1e2f\u00bb custom_margin=\u00bb||2px|||\u00bb global_colors_info=\u00bb{}\u00bb][et_pb_contact_field field_id=\u00bbE-mail\u00bb field_title=\u00bbE-mail\u00bb field_type=\u00bbemail\u00bb _builder_version=\u00bb4.16&#8243; global_colors_info=\u00bb{}\u00bb][\/et_pb_contact_field][et_pb_contact_field field_id=\u00bbNombre\u00bb field_title=\u00bbNombre de la agencia\u00bb _builder_version=\u00bb4.16&#8243; global_colors_info=\u00bb{}\u00bb][\/et_pb_contact_field][et_pb_contact_field field_id=\u00bbTel\u00e9fono\u00bb field_title=\u00bbTel\u00e9fono\u00bb _builder_version=\u00bb4.16&#8243; global_colors_info=\u00bb{}\u00bb][\/et_pb_contact_field][et_pb_contact_field field_id=\u00bbP\u00e1gina_web\u00bb field_title=\u00bbP\u00e1gina web\u00bb _builder_version=\u00bb4.16&#8243; global_colors_info=\u00bb{}\u00bb][\/et_pb_contact_field][et_pb_contact_field field_id=\u00bbLocalidad\u00bb field_title=\u00bbLocalidad\u00bb _builder_version=\u00bb4.16&#8243; global_colors_info=\u00bb{}\u00bb][\/et_pb_contact_field][et_pb_contact_field field_id=\u00bbProvincia\u00bb field_title=\u00bbProvincia\u00bb _builder_version=\u00bb4.16&#8243; global_colors_info=\u00bb{}\u00bb][\/et_pb_contact_field][\/et_pb_contact_form][\/et_pb_column_inner][\/et_pb_row_inner][\/et_pb_column][et_pb_column type=\u00bb1_4&#8243; _builder_version=\u00bb4.16&#8243; custom_padding=\u00bb|||\u00bb global_colors_info=\u00bb{}\u00bb custom_padding__hover=\u00bb|||\u00bb][et_pb_login title=\u00bbAcceso Privado\u00bb _builder_version=\u00bb4.18.0&#8243; global_colors_info=\u00bb{}\u00bb][\/et_pb_login][et_pb_button button_url=\u00bb@ET-DC@eyJkeW5hbWljIjp0cnVlLCJjb250ZW50IjoicG9zdF9saW5rX3VybF9wYWdlIiwic2V0dGluZ3MiOnsicG9zdF9pZCI6IjE4MTQifX0=@\u00bb button_text=\u00bbSeguir Loguineado\u00bb _builder_version=\u00bb4.16&#8243; _dynamic_attributes=\u00bbbutton_url\u00bb custom_button=\u00bbon\u00bb button_text_color=\u00bb#000000&#8243; button_bg_color=\u00bb#ffffff\u00bb global_colors_info=\u00bb{}\u00bb][\/et_pb_button][\/et_pb_column][\/et_pb_section][et_pb_section fb_built=\u00bb1&#8243; _builder_version=\u00bb4.16&#8243; custom_padding=\u00bb2px|||||\u00bb global_colors_info=\u00bb{}\u00bb][et_pb_row column_structure=\u00bb1_4,1_4,1_4,1_4&#8243; _builder_version=\u00bb4.16&#8243; global_colors_info=\u00bb{}\u00bb][et_pb_column type=\u00bb1_4&#8243; _builder_version=\u00bb4.16&#8243; global_colors_info=\u00bb{}\u00bb][et_pb_image src=\u00bbhttps:\/\/nordic-travel.com.ar\/agencia-de-viajes\/wp-content\/uploads\/2022\/12\/logo_01-1.png\u00bb _builder_version=\u00bb4.16&#8243; global_colors_info=\u00bb{}\u00bb][\/et_pb_image][\/et_pb_column][et_pb_column type=\u00bb1_4&#8243; _builder_version=\u00bb4.16&#8243; global_colors_info=\u00bb{}\u00bb][et_pb_image src=\u00bbhttps:\/\/nordic-travel.com.ar\/agencia-de-viajes\/wp-content\/uploads\/2022\/12\/logo_02-1.png\u00bb _builder_version=\u00bb4.16&#8243; global_colors_info=\u00bb{}\u00bb][\/et_pb_image][\/et_pb_column][et_pb_column type=\u00bb1_4&#8243; _builder_version=\u00bb4.16&#8243; global_colors_info=\u00bb{}\u00bb][et_pb_image src=\u00bbhttps:\/\/nordic-travel.com.ar\/agencia-de-viajes\/wp-content\/uploads\/2022\/12\/logo_03.png\u00bb _builder_version=\u00bb4.16&#8243; global_colors_info=\u00bb{}\u00bb][\/et_pb_image][\/et_pb_column][et_pb_column type=\u00bb1_4&#8243; _builder_version=\u00bb4.16&#8243; global_colors_info=\u00bb{}\u00bb][et_pb_image src=\u00bbhttps:\/\/nordic-travel.com.ar\/agencia-de-viajes\/wp-content\/uploads\/2022\/12\/logo_04.png\u00bb _builder_version=\u00bb4.16&#8243; global_colors_info=\u00bb{}\u00bb][\/et_pb_image][\/et_pb_column][\/et_pb_row][\/et_pb_section]<\/p>\n","protected":false},"excerpt":{"rendered":"<p>ACCESO AGENCIAS DE VIAJES Te permitir\u00e1 descargar nuestras tarifas diferenciadas exclusivas para las agencias asociadas a NORDIC TRAVELREGISTRATE Si todav\u00eda no estas registrado podes solicitar tu membres\u00eda.<\/p>\n","protected":false},"author":2,"featured_media":0,"parent":0,"menu_order":0,"comment_status":"closed","ping_status":"closed","template":"","meta":{"_et_pb_use_builder":"on","_et_pb_old_content":"","_et_gb_content_width":"","footnotes":""},"class_list":["post-23","page","type-page","status-publish","hentry"],"_links":{"self":[{"href":"https:\/\/www.nordic-travel.com.ar\/agencia-de-viajes\/wp-json\/wp\/v2\/pages\/23","targetHints":{"allow":["GET"]}}],"collection":[{"href":"https:\/\/www.nordic-travel.com.ar\/agencia-de-viajes\/wp-json\/wp\/v2\/pages"}],"about":[{"href":"https:\/\/www.nordic-travel.com.ar\/agencia-de-viajes\/wp-json\/wp\/v2\/types\/page"}],"author":[{"embeddable":true,"href":"https:\/\/www.nordic-travel.com.ar\/agencia-de-viajes\/wp-json\/wp\/v2\/users\/2"}],"replies":[{"embeddable":true,"href":"https:\/\/www.nordic-travel.com.ar\/agencia-de-viajes\/wp-json\/wp\/v2\/comments?post=23"}],"version-history":[{"count":12,"href":"https:\/\/www.nordic-travel.com.ar\/agencia-de-viajes\/wp-json\/wp\/v2\/pages\/23\/revisions"}],"predecessor-version":[{"id":44,"href":"https:\/\/www.nordic-travel.com.ar\/agencia-de-viajes\/wp-json\/wp\/v2\/pages\/23\/revisions\/44"}],"wp:attachment":[{"href":"https:\/\/www.nordic-travel.com.ar\/agencia-de-viajes\/wp-json\/wp\/v2\/media?parent=23"}],"curies":[{"name":"wp","href":"https:\/\/api.w.org\/{rel}","templated":true}]}}